{"id":2307,"date":"2024-02-14T20:56:28","date_gmt":"2024-02-14T19:56:28","guid":{"rendered":"https:\/\/kolicsapiaries.com\/?page_id=2307"},"modified":"2024-02-14T22:31:11","modified_gmt":"2024-02-14T21:31:11","slug":"kutatasaink","status":"publish","type":"page","link":"https:\/\/kolicsapiaries.com\/sk\/kutatasaink\/","title":{"rendered":"Kutatasaink"},"content":{"rendered":"<div data-elementor-type=\"wp-page\" data-elementor-id=\"2307\" class=\"elementor elementor-2307\" data-elementor-post-type=\"page\">\n\t\t\t\t\t\t<section class=\"elementor-section elementor-top-section elementor-element elementor-element-124ce69d elementor-section-boxed elementor-section-height-default elementor-section-height-default\" data-id=\"124ce69d\" data-element_type=\"section\" data-settings=\"{&quot;background_background&quot;:&quot;classic&quot;}\">\n\t\t\t\t\t\t\t<div class=\"elementor-background-overlay\"><\/div>\n\t\t\t\t\t\t\t<div class=\"elementor-container elementor-column-gap-default\">\n\t\t\t\t\t<div class=\"elementor-column elementor-col-100 elementor-top-column elementor-element elementor-element-243be160\" data-id=\"243be160\" data-element_type=\"column\">\n\t\t\t<div class=\"elementor-widget-wrap elementor-element-populated\">\n\t\t\t\t\t\t<div class=\"elementor-element elementor-element-717ec1b8 elementor-widget elementor-widget-heading\" data-id=\"717ec1b8\" data-element_type=\"widget\" data-widget_type=\"heading.default\">\n\t\t\t\t<div class=\"elementor-widget-container\">\n\t\t\t<style>\/*! elementor - v3.19.0 - 07-02-2024 *\/\n.elementor-heading-title{padding:0;margin:0;line-height:1}.elementor-widget-heading .elementor-heading-title[class*=elementor-size-]>a{color:inherit;font-size:inherit;line-height:inherit}.elementor-widget-heading .elementor-heading-title.elementor-size-small{font-size:15px}.elementor-widget-heading .elementor-heading-title.elementor-size-medium{font-size:19px}.elementor-widget-heading .elementor-heading-title.elementor-size-large{font-size:29px}.elementor-widget-heading .elementor-heading-title.elementor-size-xl{font-size:39px}.elementor-widget-heading .elementor-heading-title.elementor-size-xxl{font-size:59px}<\/style><h2 class=\"elementor-heading-title elementor-size-default\">Kutat\u00e1sok<\/h2>\t\t<\/div>\n\t\t\t\t<\/div>\n\t\t\t\t\t<\/div>\n\t\t<\/div>\n\t\t\t\t\t<\/div>\n\t\t<\/section>\n\t\t\t\t<section class=\"elementor-section elementor-top-section elementor-element elementor-element-7e19625 elementor-section-boxed elementor-section-height-default elementor-section-height-default\" data-id=\"7e19625\" data-element_type=\"section\">\n\t\t\t\t\t\t<div class=\"elementor-container elementor-column-gap-default\">\n\t\t\t\t\t<div class=\"elementor-column elementor-col-100 elementor-top-column elementor-element elementor-element-56488a3\" data-id=\"56488a3\" data-element_type=\"column\">\n\t\t\t<div class=\"elementor-widget-wrap elementor-element-populated\">\n\t\t\t\t\t\t<div class=\"elementor-element elementor-element-0217d1b ui-e-apg-classic ui-e-img-anim-zoom elementor-widget elementor-widget-uicore-advanced-post-grid\" data-id=\"0217d1b\" data-element_type=\"widget\" data-settings=\"{&quot;masonry&quot;:&quot;ui-e-maso&quot;}\" data-widget_type=\"uicore-advanced-post-grid.default\">\n\t\t\t\t<div class=\"elementor-widget-container\">\n\t\t\t        <div class=\"ui-e-adv-grid\">\r\n                <div class=\"ui-e-post-item\">\r\n            <article class=\"post-15 post type-post status-publish format-standard has-post-thumbnail hentry category-kutatasaink tag-lithium tag-lithium-chloride tag-varroa\" >\r\n                <div class=\"ui-e-post-top\">\r\n                            <a class=\"ui-e-post-img-wrapp\" href=\"https:\/\/kolicsapiaries.com\/sk\/6-visual-design-principles-that-ux-designers-should-be-aware-of\/\" title=\"View Post:Lithium chloride outperformed oxalic acidsublimation in a preliminary experiment forVarroa mite control in pre-wintering honeybee colonies\">\r\n                        <img fetchpriority=\"high\" decoding=\"async\" width=\"650\" height=\"433\" src=\"https:\/\/kolicsapiaries.com\/wp-content\/uploads\/2021\/09\/meheszeti-kutatasok-Magyarorszagon-650x433.jpg\" class=\"ui-e-post-img wp-post-image\" alt=\"\" srcset=\"https:\/\/kolicsapiaries.com\/wp-content\/uploads\/2021\/09\/meheszeti-kutatasok-Magyarorszagon-650x433.jpg 650w, https:\/\/kolicsapiaries.com\/wp-content\/uploads\/2021\/09\/meheszeti-kutatasok-Magyarorszagon-700x467.jpg 700w, https:\/\/kolicsapiaries.com\/wp-content\/uploads\/2021\/09\/meheszeti-kutatasok-Magyarorszagon-18x12.jpg 18w, https:\/\/kolicsapiaries.com\/wp-content\/uploads\/2021\/09\/meheszeti-kutatasok-Magyarorszagon.jpg 750w\" sizes=\"(max-width: 650px) 100vw, 650px\" \/>                    <\/a>\r\n                                            <\/div>\r\n                <div class=\"ui-e-post-content\">\r\n                                                <a href=\"https:\/\/kolicsapiaries.com\/sk\/6-visual-design-principles-that-ux-designers-should-be-aware-of\/\" title=\"View Post:Lithium chloride outperformed oxalic acidsublimation in a preliminary experiment forVarroa mite control in pre-wintering honeybee colonies\">\r\n            <h4 class=\"ui-e-post-title\"><span>Lithium chloride outperformed oxalic acidsublimation in a preliminary experiment forVarroa mite control in pre-wintering honeybee colonies<\/span><\/h4>\r\n        <\/a>\r\n                                              <div class=\"ui-e-post-text\">If you\u2019re the one responsible for keeping track of company&hellip;<\/div>                                                        <\/div>\r\n            <\/article>\r\n        <\/div>\r\n                <div class=\"ui-e-post-item\">\r\n            <article class=\"post-14 post type-post status-publish format-standard has-post-thumbnail hentry category-kutatasaink category-rolunk tag-austrian-carnica-association tag-litium-alapu-atka-elleni-vedekezes tag-meheszet tag-mehtenyesztes tag-tenyeszanyak-ivaralleljai\" >\r\n                <div class=\"ui-e-post-top\">\r\n                            <a class=\"ui-e-post-img-wrapp\" href=\"https:\/\/kolicsapiaries.com\/sk\/meheszeti-kutatasainkrol\/\" title=\"View Post:M\u00e9h\u00e9szeti kutat\u00e1sainkr\u00f3l\">\r\n                        <img decoding=\"async\" width=\"650\" height=\"459\" src=\"https:\/\/kolicsapiaries.com\/wp-content\/uploads\/2021\/07\/Meheszeti-kutatasok-Georgikon-650x459.jpg\" class=\"ui-e-post-img wp-post-image\" alt=\"\" srcset=\"https:\/\/kolicsapiaries.com\/wp-content\/uploads\/2021\/07\/Meheszeti-kutatasok-Georgikon-650x459.jpg 650w, https:\/\/kolicsapiaries.com\/wp-content\/uploads\/2021\/07\/Meheszeti-kutatasok-Georgikon-700x495.jpg 700w, https:\/\/kolicsapiaries.com\/wp-content\/uploads\/2021\/07\/Meheszeti-kutatasok-Georgikon.jpg 750w\" sizes=\"(max-width: 650px) 100vw, 650px\" \/>                    <\/a>\r\n                                            <\/div>\r\n                <div class=\"ui-e-post-content\">\r\n                                                <a href=\"https:\/\/kolicsapiaries.com\/sk\/meheszeti-kutatasainkrol\/\" title=\"View Post:M\u00e9h\u00e9szeti kutat\u00e1sainkr\u00f3l\">\r\n            <h4 class=\"ui-e-post-title\"><span>M\u00e9h\u00e9szeti kutat\u00e1sainkr\u00f3l<\/span><\/h4>\r\n        <\/a>\r\n                                              <div class=\"ui-e-post-text\">M\u00e9h\u00e9szet\u00fcnk elk\u00f6telezett a tudom\u00e1nyos kutat\u00e1s ir\u00e1ny\u00e1ba. Az \u00e1llom\u00e1ny egy kisebb&hellip;<\/div>                                                        <\/div>\r\n            <\/article>\r\n        <\/div>\r\n                <div class=\"ui-e-post-item\">\r\n            <article class=\"post-1189 post type-post status-publish format-standard has-post-thumbnail hentry category-kutatasaink\" >\r\n                <div class=\"ui-e-post-top\">\r\n                            <a class=\"ui-e-post-img-wrapp\" href=\"https:\/\/kolicsapiaries.com\/sk\/contact-effect-contribution-to-the-high-efficiency-oflithium-chloride-against-the-mite-parasite-of-thehoney-bee\/\" title=\"View Post:Contact Effect Contribution to the High Efficiency ofLithium Chloride Against the Mite Parasite of theHoney Bee\">\r\n                        <img fetchpriority=\"high\" decoding=\"async\" width=\"650\" height=\"433\" src=\"https:\/\/kolicsapiaries.com\/wp-content\/uploads\/2021\/09\/meheszeti-kutatasok-Magyarorszagon-650x433.jpg\" class=\"ui-e-post-img wp-post-image\" alt=\"\" srcset=\"https:\/\/kolicsapiaries.com\/wp-content\/uploads\/2021\/09\/meheszeti-kutatasok-Magyarorszagon-650x433.jpg 650w, https:\/\/kolicsapiaries.com\/wp-content\/uploads\/2021\/09\/meheszeti-kutatasok-Magyarorszagon-700x467.jpg 700w, https:\/\/kolicsapiaries.com\/wp-content\/uploads\/2021\/09\/meheszeti-kutatasok-Magyarorszagon-18x12.jpg 18w, https:\/\/kolicsapiaries.com\/wp-content\/uploads\/2021\/09\/meheszeti-kutatasok-Magyarorszagon.jpg 750w\" sizes=\"(max-width: 650px) 100vw, 650px\" \/>                    <\/a>\r\n                                            <\/div>\r\n                <div class=\"ui-e-post-content\">\r\n                                                <a href=\"https:\/\/kolicsapiaries.com\/sk\/contact-effect-contribution-to-the-high-efficiency-oflithium-chloride-against-the-mite-parasite-of-thehoney-bee\/\" title=\"View Post:Contact Effect Contribution to the High Efficiency ofLithium Chloride Against the Mite Parasite of theHoney Bee\">\r\n            <h4 class=\"ui-e-post-title\"><span>Contact Effect Contribution to the High Efficiency ofLithium Chloride Against the Mite Parasite of theHoney Bee<\/span><\/h4>\r\n        <\/a>\r\n                                              <div class=\"ui-e-post-text\">Lithium chemicals have been proven to be very effective in&hellip;<\/div>                                                        <\/div>\r\n            <\/article>\r\n        <\/div>\r\n                <\/div>\r\n        \t\t<\/div>\n\t\t\t\t<\/div>\n\t\t\t\t\t<\/div>\n\t\t<\/div>\n\t\t\t\t\t<\/div>\n\t\t<\/section>\n\t\t\t\t<\/div>","protected":false},"excerpt":{"rendered":"<p>Kutat\u00e1sok Lithium chloride outperformed oxalic acidsublimation in a preliminary experiment forVarroa mite control in pre-wintering honeybee colonies If you\u2019re the one responsible [&hellip;]<\/p>","protected":false},"author":3,"featured_media":0,"parent":0,"menu_order":0,"comment_status":"closed","ping_status":"closed","template":"","meta":{"_seopress_robots_primary_cat":"","_seopress_titles_title":"","_seopress_titles_desc":"","_seopress_robots_index":"","footnotes":""},"class_list":["post-2307","page","type-page","status-publish","hentry"],"_links":{"self":[{"href":"https:\/\/kolicsapiaries.com\/sk\/wp-json\/wp\/v2\/pages\/2307","targetHints":{"allow":["GET"]}}],"collection":[{"href":"https:\/\/kolicsapiaries.com\/sk\/wp-json\/wp\/v2\/pages"}],"about":[{"href":"https:\/\/kolicsapiaries.com\/sk\/wp-json\/wp\/v2\/types\/page"}],"author":[{"embeddable":true,"href":"https:\/\/kolicsapiaries.com\/sk\/wp-json\/wp\/v2\/users\/3"}],"replies":[{"embeddable":true,"href":"https:\/\/kolicsapiaries.com\/sk\/wp-json\/wp\/v2\/comments?post=2307"}],"version-history":[{"count":7,"href":"https:\/\/kolicsapiaries.com\/sk\/wp-json\/wp\/v2\/pages\/2307\/revisions"}],"predecessor-version":[{"id":2342,"href":"https:\/\/kolicsapiaries.com\/sk\/wp-json\/wp\/v2\/pages\/2307\/revisions\/2342"}],"wp:attachment":[{"href":"https:\/\/kolicsapiaries.com\/sk\/wp-json\/wp\/v2\/media?parent=2307"}],"curies":[{"name":"wp","href":"https:\/\/api.w.org\/{rel}","templated":true}]}}