{"id":108,"date":"2023-08-30T09:49:19","date_gmt":"2023-08-30T07:49:19","guid":{"rendered":"https:\/\/kolicsapiaries.com\/?page_id=108"},"modified":"2024-03-18T12:08:48","modified_gmt":"2024-03-18T11:08:48","slug":"mehanyak","status":"publish","type":"page","link":"https:\/\/kolicsapiaries.com\/de\/mehanyak\/","title":{"rendered":"Zuchtk\u00f6niginnen"},"content":{"rendered":"<div data-elementor-type=\"wp-page\" data-elementor-id=\"108\" class=\"elementor elementor-108\" data-elementor-post-type=\"page\">\n\t\t\t\t\t\t<section class=\"elementor-section elementor-top-section elementor-element elementor-element-8f8d457 elementor-section-boxed elementor-section-height-default elementor-section-height-default\" data-id=\"8f8d457\" data-element_type=\"section\" data-settings=\"{&quot;background_background&quot;:&quot;classic&quot;}\">\n\t\t\t\t\t\t\t<div class=\"elementor-background-overlay\"><\/div>\n\t\t\t\t\t\t\t<div class=\"elementor-container elementor-column-gap-default\">\n\t\t\t\t\t<div class=\"elementor-column elementor-col-100 elementor-top-column elementor-element elementor-element-2cca89c\" data-id=\"2cca89c\" data-element_type=\"column\">\n\t\t\t<div class=\"elementor-widget-wrap elementor-element-populated\">\n\t\t\t\t\t\t<div class=\"elementor-element elementor-element-4cd993d elementor-widget elementor-widget-heading\" data-id=\"4cd993d\" data-element_type=\"widget\" data-widget_type=\"heading.default\">\n\t\t\t\t<div class=\"elementor-widget-container\">\n\t\t\t<style>\/*! elementor - v3.19.0 - 07-02-2024 *\/\n.elementor-heading-title{padding:0;margin:0;line-height:1}.elementor-widget-heading .elementor-heading-title[class*=elementor-size-]>a{color:inherit;font-size:inherit;line-height:inherit}.elementor-widget-heading .elementor-heading-title.elementor-size-small{font-size:15px}.elementor-widget-heading .elementor-heading-title.elementor-size-medium{font-size:19px}.elementor-widget-heading .elementor-heading-title.elementor-size-large{font-size:29px}.elementor-widget-heading .elementor-heading-title.elementor-size-xl{font-size:39px}.elementor-widget-heading .elementor-heading-title.elementor-size-xxl{font-size:59px}<\/style><h2 class=\"elementor-heading-title elementor-size-default\">Zuchtk\u00f6niginnen<\/h2>\t\t<\/div>\n\t\t\t\t<\/div>\n\t\t\t\t\t<\/div>\n\t\t<\/div>\n\t\t\t\t\t<\/div>\n\t\t<\/section>\n\t\t\t\t<section class=\"elementor-section elementor-top-section elementor-element elementor-element-aaf4406 elementor-reverse-tablet elementor-reverse-mobile elementor-section-boxed elementor-section-height-default elementor-section-height-default\" data-id=\"aaf4406\" data-element_type=\"section\">\n\t\t\t\t\t\t<div class=\"elementor-container elementor-column-gap-default\">\n\t\t\t\t\t<div class=\"elementor-column elementor-col-50 elementor-top-column elementor-element elementor-element-8b50204\" data-id=\"8b50204\" data-element_type=\"column\">\n\t\t\t<div class=\"elementor-widget-wrap elementor-element-populated\">\n\t\t\t\t\t\t<div class=\"elementor-element elementor-element-07d9378 elementor-widget elementor-widget-text-editor\" data-id=\"07d9378\" data-element_type=\"widget\" data-widget_type=\"text-editor.default\">\n\t\t\t\t<div class=\"elementor-widget-container\">\n\t\t\t<style>\/*! elementor - v3.19.0 - 07-02-2024 *\/\n.elementor-widget-text-editor.elementor-drop-cap-view-stacked .elementor-drop-cap{background-color:#69727d;color:#fff}.elementor-widget-text-editor.elementor-drop-cap-view-framed .elementor-drop-cap{color:#69727d;border:3px solid;background-color:transparent}.elementor-widget-text-editor:not(.elementor-drop-cap-view-default) .elementor-drop-cap{margin-top:8px}.elementor-widget-text-editor:not(.elementor-drop-cap-view-default) .elementor-drop-cap-letter{width:1em;height:1em}.elementor-widget-text-editor .elementor-drop-cap{float:left;text-align:center;line-height:1;font-size:50px}.elementor-widget-text-editor .elementor-drop-cap-letter{display:inline-block}<\/style>\t\t\t\t<p><b>K\u00fcnstlich besamte K\u00f6niginnen\u00a0<\/b><\/p>\t\t\t\t\t\t<\/div>\n\t\t\t\t<\/div>\n\t\t\t\t<div class=\"elementor-element elementor-element-e7fc5dd elementor-widget elementor-widget-text-editor\" data-id=\"e7fc5dd\" data-element_type=\"widget\" data-widget_type=\"text-editor.default\">\n\t\t\t\t<div class=\"elementor-widget-container\">\n\t\t\t\t\t\t\t<p>Die k\u00fcnstliche Besamung ist derzeit die zuverl\u00e4ssigste Methode zur Kontrolle der Paarung von Honigbienen. Mit keinem anderen Instrument l\u00e4sst sich das gleiche Ma\u00df an Kontrolle erreichen.<\/p><p>Die Einzeldrohnenbesamung erm\u00f6glicht eine sehr scharfe Selektion. Das Gegenteil ist der Fall, wenn mehrere K\u00f6niginnen mit gemischtem Sperma von Drohnen desselben Volkes besamt werden.\u00a0<\/p><p>In unserer Imkerei verwenden wir beide Techniken, um eine stabile Auswahl unserer Zuchtlinien zu erhalten.\u00a0<\/p>\t\t\t\t\t\t<\/div>\n\t\t\t\t<\/div>\n\t\t\t\t<div class=\"elementor-element elementor-element-9f21147 elementor-position-left elementor-view-default elementor-mobile-position-top elementor-vertical-align-top elementor-widget elementor-widget-icon-box\" data-id=\"9f21147\" data-element_type=\"widget\" data-widget_type=\"icon-box.default\">\n\t\t\t\t<div class=\"elementor-widget-container\">\n\t\t\t<link rel=\"stylesheet\" href=\"https:\/\/kolicsapiaries.com\/wp-content\/plugins\/elementor\/assets\/css\/widget-icon-box.min.css\">\t\t<div class=\"elementor-icon-box-wrapper\">\n\t\t\t\t\t\t<div class=\"elementor-icon-box-icon\">\n\t\t\t\t<span  class=\"elementor-icon elementor-animation-\">\n\t\t\t\t<i aria-hidden=\"true\" class=\"far fa-question-circle\"><\/i>\t\t\t\t<\/span>\n\t\t\t<\/div>\n\t\t\t\t\t\t<div class=\"elementor-icon-box-content\">\n\t\t\t\t<h3 class=\"elementor-icon-box-title\">\n\t\t\t\t\t<span  >\n\t\t\t\t\t\tWen k\u00f6nnen wir empfehlen?\t\t\t\t\t<\/span>\n\t\t\t\t<\/h3>\n\t\t\t\t\t\t\t\t\t<p class=\"elementor-icon-box-description\">\n\t\t\t\t\t\tJeder, der seine eigenen K\u00f6niginnen z\u00fcchten und mit garantiertem Zuchtmaterial beginnen m\u00f6chte.\t\t\t\t\t<\/p>\n\t\t\t\t\t\t\t<\/div>\n\t\t<\/div>\n\t\t\t\t<\/div>\n\t\t\t\t<\/div>\n\t\t\t\t\t<\/div>\n\t\t<\/div>\n\t\t\t\t<div class=\"elementor-column elementor-col-50 elementor-top-column elementor-element elementor-element-522918b\" data-id=\"522918b\" data-element_type=\"column\">\n\t\t\t<div class=\"elementor-widget-wrap elementor-element-populated\">\n\t\t\t\t\t\t<div class=\"elementor-element elementor-element-d4ff692 elementor-widget elementor-widget-image\" data-id=\"d4ff692\" data-element_type=\"widget\" data-widget_type=\"image.default\">\n\t\t\t\t<div class=\"elementor-widget-container\">\n\t\t\t<style>\/*! elementor - v3.19.0 - 07-02-2024 *\/\n.elementor-widget-image{text-align:center}.elementor-widget-image a{display:inline-block}.elementor-widget-image a img[src$=\".svg\"]{width:48px}.elementor-widget-image img{vertical-align:middle;display:inline-block}<\/style>\t\t\t\t\t\t\t\t\t\t<img fetchpriority=\"high\" decoding=\"async\" width=\"2560\" height=\"1579\" src=\"https:\/\/kolicsapiaries.com\/wp-content\/uploads\/2024\/03\/inszeminalas-2-scaled.jpg\" class=\"attachment-full size-full wp-image-2453\" alt=\"\" srcset=\"https:\/\/kolicsapiaries.com\/wp-content\/uploads\/2024\/03\/inszeminalas-2-scaled.jpg 2560w, https:\/\/kolicsapiaries.com\/wp-content\/uploads\/2024\/03\/inszeminalas-2-700x432.jpg 700w, https:\/\/kolicsapiaries.com\/wp-content\/uploads\/2024\/03\/inszeminalas-2-1024x632.jpg 1024w, https:\/\/kolicsapiaries.com\/wp-content\/uploads\/2024\/03\/inszeminalas-2-768x474.jpg 768w, https:\/\/kolicsapiaries.com\/wp-content\/uploads\/2024\/03\/inszeminalas-2-1536x947.jpg 1536w, https:\/\/kolicsapiaries.com\/wp-content\/uploads\/2024\/03\/inszeminalas-2-2048x1263.jpg 2048w, https:\/\/kolicsapiaries.com\/wp-content\/uploads\/2024\/03\/inszeminalas-2-18x12.jpg 18w, https:\/\/kolicsapiaries.com\/wp-content\/uploads\/2024\/03\/inszeminalas-2-650x401.jpg 650w\" sizes=\"(max-width: 2560px) 100vw, 2560px\" \/>\t\t\t\t\t\t\t\t\t\t\t\t\t<\/div>\n\t\t\t\t<\/div>\n\t\t\t\t\t<\/div>\n\t\t<\/div>\n\t\t\t\t\t<\/div>\n\t\t<\/section>\n\t\t\t\t<section class=\"elementor-section elementor-top-section elementor-element elementor-element-bd8d888 elementor-section-boxed elementor-section-height-default elementor-section-height-default\" data-id=\"bd8d888\" data-element_type=\"section\">\n\t\t\t\t\t\t<div class=\"elementor-container elementor-column-gap-default\">\n\t\t\t\t\t<div class=\"elementor-column elementor-col-50 elementor-top-column elementor-element elementor-element-4561b62\" data-id=\"4561b62\" data-element_type=\"column\">\n\t\t\t<div class=\"elementor-widget-wrap elementor-element-populated\">\n\t\t\t\t\t\t<div class=\"elementor-element elementor-element-bd79b58 elementor-widget elementor-widget-image\" data-id=\"bd79b58\" data-element_type=\"widget\" data-widget_type=\"image.default\">\n\t\t\t\t<div class=\"elementor-widget-container\">\n\t\t\t\t\t\t\t\t\t\t\t\t\t<img decoding=\"async\" src=\"https:\/\/kolicsapiaries.com\/wp-content\/uploads\/2024\/02\/mehanya-e1707824198480.jpg\" title=\"m\u00e9hanya\" alt=\"m\u00e9hanya\" loading=\"lazy\" \/>\t\t\t\t\t\t\t\t\t\t\t\t\t<\/div>\n\t\t\t\t<\/div>\n\t\t\t\t\t<\/div>\n\t\t<\/div>\n\t\t\t\t<div class=\"elementor-column elementor-col-50 elementor-top-column elementor-element elementor-element-7545c97\" data-id=\"7545c97\" data-element_type=\"column\">\n\t\t\t<div class=\"elementor-widget-wrap elementor-element-populated\">\n\t\t\t\t\t\t<div class=\"elementor-element elementor-element-6cd0a14 elementor-widget elementor-widget-text-editor\" data-id=\"6cd0a14\" data-element_type=\"widget\" data-widget_type=\"text-editor.default\">\n\t\t\t\t<div class=\"elementor-widget-container\">\n\t\t\t\t\t\t\t<p><b>Standbegattete K\u00f6niginnen<\/b><\/p>\t\t\t\t\t\t<\/div>\n\t\t\t\t<\/div>\n\t\t\t\t<div class=\"elementor-element elementor-element-3a80b24 elementor-widget elementor-widget-text-editor\" data-id=\"3a80b24\" data-element_type=\"widget\" data-widget_type=\"text-editor.default\">\n\t\t\t\t<div class=\"elementor-widget-container\">\n\t\t\t\t\t\t\t<p>Unsere standbegattete K\u00f6niginnen haben sich im Freien gepaart, was bedeutet, dass die Paarung auf nat\u00fcrliche Weise erfolgt.\u00a0<\/p><p>Folglich erben sie die Merkmale der Zuchtlinie nur von der m\u00fctterlichen Seite, und wir k\u00f6nnen nicht erwarten, dass die Arbeiterinnen aus dieser Art von Verpaarung eine einheitliche Rasse bilden.\u00a0<\/p><p>Da es sich bei diesen K\u00f6niginnen jedoch um F1-Nachkommen von besamten K\u00f6niginnen handelt, stellen sie vollwertiges Zuchtmaterial von der Drohnenseite dar.\u00a0<\/p>\t\t\t\t\t\t<\/div>\n\t\t\t\t<\/div>\n\t\t\t\t<div class=\"elementor-element elementor-element-bd42394 elementor-position-left elementor-view-default elementor-mobile-position-top elementor-vertical-align-top elementor-widget elementor-widget-icon-box\" data-id=\"bd42394\" data-element_type=\"widget\" data-widget_type=\"icon-box.default\">\n\t\t\t\t<div class=\"elementor-widget-container\">\n\t\t\t\t\t<div class=\"elementor-icon-box-wrapper\">\n\t\t\t\t\t\t<div class=\"elementor-icon-box-icon\">\n\t\t\t\t<span  class=\"elementor-icon elementor-animation-\">\n\t\t\t\t<i aria-hidden=\"true\" class=\"far fa-question-circle\"><\/i>\t\t\t\t<\/span>\n\t\t\t<\/div>\n\t\t\t\t\t\t<div class=\"elementor-icon-box-content\">\n\t\t\t\t<h3 class=\"elementor-icon-box-title\">\n\t\t\t\t\t<span  >\n\t\t\t\t\t\tWen k\u00f6nnen wir empfehlen?\t\t\t\t\t<\/span>\n\t\t\t\t<\/h3>\n\t\t\t\t\t\t\t\t\t<p class=\"elementor-icon-box-description\">\n\t\t\t\t\t\tJeder, der keine Zeit f\u00fcr die Aufzucht von K\u00f6niginnen hat, aber die Genetik seines Bienenstocks durch die Verwendung von F1-K\u00f6niginnen aus der Besamung verbessern m\u00f6chte.\t\t\t\t\t<\/p>\n\t\t\t\t\t\t\t<\/div>\n\t\t<\/div>\n\t\t\t\t<\/div>\n\t\t\t\t<\/div>\n\t\t\t\t\t<\/div>\n\t\t<\/div>\n\t\t\t\t\t<\/div>\n\t\t<\/section>\n\t\t\t\t<section class=\"elementor-section elementor-top-section elementor-element elementor-element-df6aaad elementor-section-boxed elementor-section-height-default elementor-section-height-default\" data-id=\"df6aaad\" data-element_type=\"section\">\n\t\t\t\t\t\t<div class=\"elementor-container elementor-column-gap-default\">\n\t\t\t\t\t<div class=\"elementor-column elementor-col-100 elementor-top-column elementor-element elementor-element-6e7775c\" data-id=\"6e7775c\" data-element_type=\"column\">\n\t\t\t<div class=\"elementor-widget-wrap elementor-element-populated\">\n\t\t\t\t\t\t<div class=\"elementor-element elementor-element-7d07680 elementor-widget elementor-widget-image\" data-id=\"7d07680\" data-element_type=\"widget\" data-widget_type=\"image.default\">\n\t\t\t\t<div class=\"elementor-widget-container\">\n\t\t\t\t\t\t\t\t\t\t\t\t\t<img decoding=\"async\" width=\"624\" height=\"140\" src=\"https:\/\/kolicsapiaries.com\/wp-content\/uploads\/2024\/03\/logo.jpg\" class=\"attachment-large size-large wp-image-2463\" alt=\"\" srcset=\"https:\/\/kolicsapiaries.com\/wp-content\/uploads\/2024\/03\/logo.jpg 624w, https:\/\/kolicsapiaries.com\/wp-content\/uploads\/2024\/03\/logo-18x4.jpg 18w\" sizes=\"(max-width: 624px) 100vw, 624px\" \/>\t\t\t\t\t\t\t\t\t\t\t\t\t<\/div>\n\t\t\t\t<\/div>\n\t\t\t\t\t<\/div>\n\t\t<\/div>\n\t\t\t\t\t<\/div>\n\t\t<\/section>\n\t\t\t\t<section class=\"elementor-section elementor-top-section elementor-element elementor-element-bc1850c elementor-section-boxed elementor-section-height-default elementor-section-height-default\" data-id=\"bc1850c\" data-element_type=\"section\">\n\t\t\t\t\t\t<div class=\"elementor-container elementor-column-gap-default\">\n\t\t\t\t\t<div class=\"elementor-column elementor-col-100 elementor-top-column elementor-element elementor-element-fd1192c\" data-id=\"fd1192c\" data-element_type=\"column\">\n\t\t\t<div class=\"elementor-widget-wrap elementor-element-populated\">\n\t\t\t\t\t\t<div class=\"elementor-element elementor-element-a4f599c bdt-backdrop-filter-yes elementor-widget elementor-widget-text-editor\" data-id=\"a4f599c\" data-element_type=\"widget\" data-widget_type=\"text-editor.default\">\n\t\t\t\t<div class=\"elementor-widget-container\">\n\t\t\t\t\t\t\t<p><span style=\"color: #993300;\"><strong>Unsere Preise f\u00fcr 2024:<\/strong><\/span><\/p><ul><li>Zuchtk\u00f6nigin, k\u00fcnstich besamt, \u00fcberwintert.............................................................................<span style=\"color: #993300;\"><strong>100 EUR<\/strong><\/span><\/li><li>Zuchtk\u00f6nigin, k\u00fcnstlich besamt...........................................................................................................<span style=\"color: #993300;\"><strong>90 EUR<\/strong><\/span><\/li><li>Nachzucht K\u00f6nigin, standbegattet \n(F1 von k.b. Zuchtk\u00f6nigin) ......................................<span style=\"color: #993300;\"><strong>30 EUR<\/strong><\/span><\/li><\/ul><p><strong style=\"color: #993300;\">Bestellung:<\/strong><\/p><ul><li><a href=\"mailto:bkolics@gmail.com\">bkolics@gmail.com<\/a><\/li><li>+36 30\/26 29 23 6<\/li><\/ul>\t\t\t\t\t\t<\/div>\n\t\t\t\t<\/div>\n\t\t\t\t\t<\/div>\n\t\t<\/div>\n\t\t\t\t\t<\/div>\n\t\t<\/section>\n\t\t\t\t<\/div>","protected":false},"excerpt":{"rendered":"<p>Breeder queens Artificially Inseminated queens\u00a0 Artificial insemination is currently the most reliable way to control the mating of honey bees. No other [&hellip;]<\/p>","protected":false},"author":1,"featured_media":0,"parent":0,"menu_order":0,"comment_status":"closed","ping_status":"closed","template":"","meta":{"_seopress_robots_primary_cat":"","_seopress_titles_title":"","_seopress_titles_desc":"","_seopress_robots_index":"","footnotes":""},"class_list":["post-108","page","type-page","status-publish","hentry"],"_links":{"self":[{"href":"https:\/\/kolicsapiaries.com\/de\/wp-json\/wp\/v2\/pages\/108","targetHints":{"allow":["GET"]}}],"collection":[{"href":"https:\/\/kolicsapiaries.com\/de\/wp-json\/wp\/v2\/pages"}],"about":[{"href":"https:\/\/kolicsapiaries.com\/de\/wp-json\/wp\/v2\/types\/page"}],"author":[{"embeddable":true,"href":"https:\/\/kolicsapiaries.com\/de\/wp-json\/wp\/v2\/users\/1"}],"replies":[{"embeddable":true,"href":"https:\/\/kolicsapiaries.com\/de\/wp-json\/wp\/v2\/comments?post=108"}],"version-history":[{"count":94,"href":"https:\/\/kolicsapiaries.com\/de\/wp-json\/wp\/v2\/pages\/108\/revisions"}],"predecessor-version":[{"id":2483,"href":"https:\/\/kolicsapiaries.com\/de\/wp-json\/wp\/v2\/pages\/108\/revisions\/2483"}],"wp:attachment":[{"href":"https:\/\/kolicsapiaries.com\/de\/wp-json\/wp\/v2\/media?parent=108"}],"curies":[{"name":"wp","href":"https:\/\/api.w.org\/{rel}","templated":true}]}}